{"id":3,"date":"2020-12-02T18:42:50","date_gmt":"2020-12-02T18:42:50","guid":{"rendered":"https:\/\/hidalopez.com\/?page_id=3"},"modified":"2021-03-05T11:13:42","modified_gmt":"2021-03-05T11:13:42","slug":"politica-privacidad","status":"publish","type":"page","link":"https:\/\/hidalopez.com\/en\/politica-privacidad\/","title":{"rendered":"Privacy Policy"},"content":{"rendered":"[et_pb_section fb_built=\u201d1\u2033 admin_label=\u201dsection\u201d _builder_version=\u201d3.0.47\u2033][et_pb_row admin_label=\u201drow\u201d _builder_version=\u201d3.0.48\u2033 background_size=\u201dinitial\u201d background_position=\u201dtop_left\u201d background_repeat=\u201drepeat\u201d] [et_pb_column type=\u201d4_4\u2033 _builder_version=\u201d3.0.47\u2033 parallax=\u201doff\u201d parallax_method=\u201don\u201d][et_pb_text admin_label=\u201dText\u201d _builder_version=\u201d3.19.12\u2033 background_size=\u201dinitial\u201d background_position=\u201dtop_left\u201d background_repeat =\u00bbrepeat\u00bb]<p><\/p>\n<h3 class=\"wp-block-heading\"><b>PRIVACY POLICY<\/b><\/h3>\n<p><b><\/b><\/p>\n<p><b><\/b><\/p>\n<p><b>HIDALOPEZ, SL<\/b><span style=\"font-weight: 400;\">, is the company that owns this website, and through this formal declaration it intends to inform visitors about the privacy protection policy and confidentiality of personal data that users provide freely and voluntarily.<\/span><\/p>\n<p><span style=\"font-weight: 400;\">The Protection of Personal Data, the treatment, and where appropriate, the transfer of personal data collected through this web page, conforms to the provisions of Organic Law 3\/2018, of December 5, of Data Protection <\/span><span style=\"font-weight: 400;\">Personal and digital rights guarantee<\/span><span style=\"font-weight: 400;\">.<\/span><\/p>\n<p>&nbsp;<\/p>\n<p><span style=\"font-weight: 400;\">In accordance with the provisions of Organic Law 3\/2018, of December 5, on Data Protection <\/span><span style=\"font-weight: 400;\">Personal and digital rights guarantee<\/span><span style=\"font-weight: 400;\"> (hereinafter LOPD), HIDALOPEZ, SL, with CIF: B-73143448, hereinafter HIDALOPEZ, informs users of the Portal www.hidalopez.com, the following information:<\/span><\/p>\n<ul>\n<li style=\"font-weight: 400;\" aria-level=\"1\"><span style=\"font-weight: 400;\">The data that users provide as a result of the use and request of the different services offered through this website will be processed and incorporated into files owned by them for the following purpose, depending on the service requested.<\/span><\/li>\n<\/ul>\n<ul>\n<li style=\"font-weight: 400;\" aria-level=\"1\"><span style=\"font-weight: 400;\">Enable the management of services and information that the user requests. These data are collected through the web forms included in this Portal.<\/span><\/li>\n<\/ul>\n<ul>\n<li style=\"font-weight: 400;\" aria-level=\"1\"><span style=\"font-weight: 400;\">Sending content from this website selected by the user -sender- to a third party -recipient-, from whom prior consent must have been obtained. It is the user who guarantees obtaining the express consent of the recipient, HIDALOPEZ is not responsible for sending said information, the user being solely responsible for it.<\/span><\/li>\n<\/ul>\n<ul>\n<li style=\"font-weight: 400;\" aria-level=\"1\"><span style=\"font-weight: 400;\">Statistical purposes. Website access data, used solely for the purpose of preparing access statistics to the Portal.<\/span><\/li>\n<\/ul>\n<ul>\n<li style=\"font-weight: 400;\" aria-level=\"1\"><span style=\"font-weight: 400;\">Communication of the portal&#039;s newsletters. These newsletters are free of charge and are distributed by e-mail. The email address provided by the user during the contracting process of any of the services offered by the website may be used for the communication of said digital newsletters. In any case, the user may revoke their consent at any time by sending an email to hidalopez@hidalopez.com<\/span><\/li>\n<\/ul>\n<ul>\n<li style=\"font-weight: 400;\" aria-level=\"1\"><span style=\"font-weight: 400;\">Commercial communications referring to products or services that are similar to those that were initially contracted by the client. In any case, the user may revoke their consent at any time by sending an email to hidalopez@hidalopez.com.<\/span><\/li>\n<\/ul>\n<ul>\n<li style=\"font-weight: 400;\" aria-level=\"1\"><span style=\"font-weight: 400;\">Communication with the client in order to send or send him any type of information that is essential to continue providing the contracted service.<\/span><\/li>\n<\/ul>\n<ul>\n<li style=\"font-weight: 400;\" aria-level=\"1\"><span style=\"font-weight: 400;\">HIDALOPEZ undertakes not to collect unnecessary information about its users, indicating at all times the mandatory (through fields marked with an asterisk) or optional nature of the requested data. Likewise, HIDALOPEZ undertakes to treat the data with total diligence and to comply with the duty of secrecy regarding the data provided by users.<\/span><\/li>\n<\/ul>\n<ul>\n<li style=\"font-weight: 400;\" aria-level=\"1\"><span style=\"font-weight: 400;\">When it is necessary to provide personal data to request or use a website service, users will guarantee its veracity, accuracy, authenticity and validity, and will have the obligation to keep the data updated so that it corresponds to reality at all times.<\/span><\/li>\n<\/ul>\n<ul>\n<li style=\"font-weight: 400;\" aria-level=\"1\"><span style=\"font-weight: 400;\">Users can exercise their rights of access, rectification, cancellation and opposition of their personal data. These rights may be exercised by sending an e-mail to hidalopez@hidalopez.com or by writing to HIDALOPEZ, SL, with address at C\/. Mail, n\u00ba 6, 1\u00ba, 30006 Puente Bacons, Murcia. In both cases, &quot;Personal Data&quot; must be indicated as a reference.<\/span><\/li>\n<\/ul>\n<ul>\n<li style=\"font-weight: 400;\" aria-level=\"1\"><span style=\"font-weight: 400;\">HIDALOPEZ informs that it has the necessary technical and organizational measures to guarantee the security of personal data, to prevent its loss, alteration or unauthorized access, implementing to this end all the means and technical systems at its disposal, taking into account the state of technology, the nature of the data stored and the risks to which they are exposed, whether they come from human action or from the physical or natural environment.<\/span><\/li>\n<\/ul>\n<ul>\n<li style=\"font-weight: 400;\" aria-level=\"1\"><span style=\"font-weight: 400;\">HIDALOPEZ will not disclose personal information of the client or his account unless it is necessary to transmit such information to provide the contracted service, protect the legitimate interests of HIDALOPEZ or its clients, or is required by any legal process or authority.<\/span><\/li>\n<\/ul>\n<ul>\n<li style=\"font-weight: 400;\" aria-level=\"1\"><span style=\"font-weight: 400;\">HIDALOPEZ reserves the right to use the so-called &quot;cookies&quot; on the website. Cookies only contain session identification data, so they cannot personally identify the user by themselves. They are used in order to facilitate navigation for the user, being deleted and deactivated at the end of the session. However, the user has the possibility of disabling the use of &quot;cookies&quot; on their computer, by choosing the corresponding option in their browser.<\/span><\/li>\n<\/ul>\n<ul>\n<li style=\"font-weight: 400;\" aria-level=\"1\"><span style=\"font-weight: 400;\">This website is not specifically aimed at minors. In any case, minors under the age of fourteen may only fill in the forms on the website if they have the express consent of their parents or legal guardians, as provided for in the LOPD.<\/span><\/li>\n<\/ul>\n<ul>\n<li style=\"font-weight: 400;\" aria-level=\"1\"><span style=\"font-weight: 400;\">Contractors of any of the services offered by HIDALOPEZ authorize said company to publish their name on its client list and briefly explain the contracted service and the results obtained. The contracting of the services that are exposed on the website implies full and unreserved acceptance by the contracting parties of the conditions set forth in the Legal Notice.<\/span><\/li>\n<\/ul>\n<ul>\n<li style=\"font-weight: 400;\" aria-level=\"1\"><span style=\"font-weight: 400;\">HIDALOPEZ reserves the right to modify the personal data treatment and security policy, always in the terms permitted by current legislation, and prior communication to the interested parties. Said communication will be made on this same page or in any other place on the website, or by any other means of communication or dissemination that is considered appropriate.<\/span><\/li>\n<\/ul>\n<p><\/p>\n[\/et_pb_text][\/et_pb_column][\/et_pb_row][\/et_pb_section]","protected":false},"excerpt":{"rendered":"<p>PRIVACY POLICY HIDALOPEZ, SL, is the company that owns this website, and through this formal declaration it intends to inform visitors about the policy for the protection of privacy and confidentiality of personal data that users provide freely and voluntary. The Protection of Personal Data, [\u2026]<\/p>","protected":false},"author":1,"featured_media":0,"parent":0,"menu_order":0,"comment_status":"closed","ping_status":"open","template":"","meta":{"_et_pb_use_builder":"on","_et_pb_old_content":"<!-- wp:heading --><h2>Qui\u00e9nes somos<\/h2><!-- \/wp:heading --><!-- wp:paragraph --><p>La direcci\u00f3n de nuestra web es: http:\/\/www.hidalopez.com.<\/p><!-- \/wp:paragraph --><!-- wp:heading --><h2>Qu\u00e9 datos personales recogemos y por qu\u00e9 los recogemos<\/h2><!-- \/wp:heading --><!-- wp:heading {\"level\":3} --><h3>Comentarios<\/h3><!-- \/wp:heading --><!-- wp:paragraph --><p>Cuando los visitantes dejan comentarios en la web, recopilamos los datos que se muestran en el formulario de comentarios, as\u00ed como la direcci\u00f3n IP del visitante y la cadena de agentes de usuario del navegador para ayudar a la detecci\u00f3n de spam.<\/p><!-- \/wp:paragraph --><!-- wp:paragraph --><p>Una cadena an\u00f3nima creada a partir de tu direcci\u00f3n de correo electr\u00f3nico (tambi\u00e9n llamada hash) puede ser proporcionada al servicio de Gravatar para ver si la est\u00e1s usando. La pol\u00edtica de privacidad del servicio Gravatar est\u00e1 disponible aqu\u00ed: https:\/\/automattic.com\/privacy\/. Despu\u00e9s de la aprobaci\u00f3n de tu comentario, la imagen de tu perfil es visible para el p\u00fablico en el contexto de tu comentario.<\/p><!-- \/wp:paragraph --><!-- wp:heading {\"level\":3} --><h3>Medios<\/h3><!-- \/wp:heading --><!-- wp:paragraph --><p>Si subes im\u00e1genes a la web, deber\u00edas evitar subir im\u00e1genes con datos de ubicaci\u00f3n (GPS EXIF) incluidos. Los visitantes de la web pueden descargar y extraer cualquier dato de ubicaci\u00f3n de las im\u00e1genes de la web.<\/p><!-- \/wp:paragraph --><!-- wp:heading {\"level\":3} --><h3>Formularios de contacto<\/h3><!-- \/wp:heading --><!-- wp:heading {\"level\":3} --><h3>Cookies<\/h3><!-- \/wp:heading --><!-- wp:paragraph --><p>Si dejas un comentario en nuestro sitio puedes elegir guardar tu nombre, direcci\u00f3n de correo electr\u00f3nico y web en cookies. Esto es para tu comodidad, para que no tengas que volver a rellenar tus datos cuando dejes otro comentario. Estas cookies tendr\u00e1n una duraci\u00f3n de un a\u00f1o.<\/p><!-- \/wp:paragraph --><!-- wp:paragraph --><p>Si tienes una cuenta y te conectas a este sitio, instalaremos una cookie temporal para determinar si tu navegador acepta cookies. Esta cookie no contiene datos personales y se elimina al cerrar el navegador.<\/p><!-- \/wp:paragraph --><!-- wp:paragraph --><p>Cuando accedas, tambi\u00e9n instalaremos varias cookies para guardar tu informaci\u00f3n de acceso y tus opciones de visualizaci\u00f3n de pantalla. Las cookies de acceso duran dos d\u00edas, y las cookies de opciones de pantalla duran un a\u00f1o. Si seleccionas \u00abRecu\u00e9rdarme\u00bb, tu acceso perdurar\u00e1 durante dos semanas. Si sales de tu cuenta, las cookies de acceso se eliminar\u00e1n.<\/p><!-- \/wp:paragraph --><!-- wp:paragraph --><p>Si editas o publicas un art\u00edculo se guardar\u00e1 una cookie adicional en tu navegador. Esta cookie no incluye datos personales y simplemente indica el ID del art\u00edculo que acabas de editar. Caduca despu\u00e9s de 1 d\u00eda.<\/p><!-- \/wp:paragraph --><!-- wp:heading {\"level\":3} --><h3>Contenido incrustado de otros sitios web<\/h3><!-- \/wp:heading --><!-- wp:paragraph --><p>Los art\u00edculos de este sitio pueden incluir contenido incrustado (por ejemplo, v\u00eddeos, im\u00e1genes, art\u00edculos, etc.). El contenido incrustado de otras webs se comporta exactamente de la misma manera que si el visitante hubiera visitado la otra web.<\/p><!-- \/wp:paragraph --><!-- wp:paragraph --><p>Estas web pueden recopilar datos sobre ti, utilizar cookies, incrustar un seguimiento adicional de terceros, y supervisar tu interacci\u00f3n con ese contenido incrustado, incluido el seguimiento de tu interacci\u00f3n con el contenido incrustado si tienes una cuenta y est\u00e1s conectado a esa web.<\/p><!-- \/wp:paragraph --><!-- wp:heading {\"level\":3} --><h3>Anal\u00edtica<\/h3><!-- \/wp:heading --><!-- wp:heading --><h2>Con qui\u00e9n compartimos tus datos<\/h2><!-- \/wp:heading --><!-- wp:heading --><h2>Cu\u00e1nto tiempo conservamos tus datos<\/h2><!-- \/wp:heading --><!-- wp:paragraph --><p>Si dejas un comentario, el comentario y sus metadatos se conservan indefinidamente. Esto es para que podamos reconocer y aprobar comentarios sucesivos autom\u00e1ticamente, en lugar de mantenerlos en una cola de moderaci\u00f3n.<\/p><!-- \/wp:paragraph --><!-- wp:paragraph --><p>De los usuarios que se registran en nuestra web (si los hay), tambi\u00e9n almacenamos la informaci\u00f3n personal que proporcionan en su perfil de usuario. Todos los usuarios pueden ver, editar o eliminar su informaci\u00f3n personal en cualquier momento (excepto que no pueden cambiar su nombre de usuario). Los administradores de la web tambi\u00e9n pueden ver y editar esa informaci\u00f3n.<\/p><!-- \/wp:paragraph --><!-- wp:heading --><h2>Qu\u00e9 derechos tienes sobre tus datos<\/h2><!-- \/wp:heading --><!-- wp:paragraph --><p>Si tienes una cuenta o has dejado comentarios en esta web, puedes solicitar recibir un archivo de exportaci\u00f3n de los datos personales que tenemos sobre ti, incluyendo cualquier dato que nos hayas proporcionado. Tambi\u00e9n puedes solicitar que eliminemos cualquier dato personal que tengamos sobre ti. Esto no incluye ning\u00fan dato que estemos obligados a conservar con fines administrativos, legales o de seguridad.<\/p><!-- \/wp:paragraph --><!-- wp:heading --><h2>D\u00f3nde enviamos tus datos<\/h2><!-- \/wp:heading --><!-- wp:paragraph --><p>Los comentarios de los visitantes puede que los revise un servicio de detecci\u00f3n autom\u00e1tica de spam.<\/p><!-- \/wp:paragraph --><!-- wp:heading --><h2>Tu informaci\u00f3n de contacto<\/h2><!-- \/wp:heading --><!-- wp:heading --><h2>Informaci\u00f3n adicional<\/h2><!-- \/wp:heading --><!-- wp:heading {\"level\":3} --><h3>C\u00f3mo protegemos tus datos<\/h3><!-- \/wp:heading --><!-- wp:heading {\"level\":3} --><h3>Qu\u00e9 procedimientos utilizamos contra las brechas de datos<\/h3><!-- \/wp:heading --><!-- wp:heading {\"level\":3} --><h3>De qu\u00e9 terceros recibimos datos<\/h3><!-- \/wp:heading --><!-- wp:heading {\"level\":3} --><h3>Qu\u00e9 tipo de toma de decisiones automatizada y\/o perfilado hacemos con los datos del usuario<\/h3><!-- \/wp:heading --><!-- wp:heading {\"level\":3} --><h3>Requerimientos regulatorios de revelaci\u00f3n de informaci\u00f3n del sector<\/h3><!-- \/wp:heading -->","_et_gb_content_width":"","footnotes":""},"class_list":["post-3","page","type-page","status-publish","hentry"],"_links":{"self":[{"href":"https:\/\/hidalopez.com\/en\/wp-json\/wp\/v2\/pages\/3"}],"collection":[{"href":"https:\/\/hidalopez.com\/en\/wp-json\/wp\/v2\/pages"}],"about":[{"href":"https:\/\/hidalopez.com\/en\/wp-json\/wp\/v2\/types\/page"}],"author":[{"embeddable":true,"href":"https:\/\/hidalopez.com\/en\/wp-json\/wp\/v2\/users\/1"}],"replies":[{"embeddable":true,"href":"https:\/\/hidalopez.com\/en\/wp-json\/wp\/v2\/comments?post=3"}],"version-history":[{"count":2,"href":"https:\/\/hidalopez.com\/en\/wp-json\/wp\/v2\/pages\/3\/revisions"}],"predecessor-version":[{"id":402,"href":"https:\/\/hidalopez.com\/en\/wp-json\/wp\/v2\/pages\/3\/revisions\/402"}],"wp:attachment":[{"href":"https:\/\/hidalopez.com\/en\/wp-json\/wp\/v2\/media?parent=3"}],"curies":[{"name":"wp","href":"https:\/\/api.w.org\/{rel}","templated":true}]}}