{"id":9,"date":"2020-12-02T18:50:42","date_gmt":"2020-12-02T18:50:42","guid":{"rendered":"https:\/\/hidalopez.com\/?page_id=9"},"modified":"2021-04-08T15:01:51","modified_gmt":"2021-04-08T15:01:51","slug":"gestion-de-comunidades","status":"publish","type":"page","link":"https:\/\/hidalopez.com\/en\/gestion-de-comunidades\/","title":{"rendered":"Community Management"},"content":{"rendered":"<p>[et_pb_section fb_built=\u201d1\u2033 fullwidth=\u201don\u201d admin_label=\u201dPAGES HEADER\u201d _builder_version=\u201d3.19.12\u2033 custom_padding=\u201d0px|0px|0|0px|false|false\u201d saved_tabs=\u201dall\u201d][et_pb_fullwidth_header title= \u00bbCOMMUNITY MANAGEMENT\u00bb subhead=\u00bbProperty Administrators, Graduates in Law and Business Administration and Management. \u00bb header_scroll_down=\u00bbon\u00bb scroll_down_icon=\u00bb%%5%%\u00bb scroll_down_icon_color=\u00bb#ffffff\u00bb background_overlay_color=\u00bbrgba(117,0,0,0.83)\u00bb _builder_version=\u00bb3.19.12\u2033 title_font=\u00bbArmata|| ||||||\u00bb title_text_align=\u00bbleft\u00bb title_letter_spacing=\u00bb5px\u00bb title_text_shadow_style=\u00bbpreset1\u2033 subhead_font=\u00bbArmata||||||||\u00bb subhead_text_shadow_style=\u201dpreset1\u2033 background_color=\u201drgba(2,2,216,0)\u201d background_image=\u201dhttps:\/\/hidalopez.com\/wp-content\/uploads\/2021\/03\/top-view-of-co-workers-planning- strategy-BN-scaled.jpg\u00bb custom_margin=\u00bb||\u00bb custom_padding=\u201d152px||124px\u201d][\/et_pb_fullwidth_header][\/et_pb_section][et_pb_section fb_built=\u201d1\u2033 _builder_version=\u201d3.19.12\u2033 custom_padding=\u201d54px|0px|0|0px|false|false\u201d][et_pb_row _builder_version =\u00bb3.19.12\u2033][et_pb_column type=\u00bb1_2\u2033 _builder_version=\u00bb3.19.12\u2033 parallax=\u00bboff\u00bb parallax_method=\u00bbon\u00bb][et_pb_text _builder_version=\u00bb3.19.12\u2033 text_font=\u00bbArmata||||| |||\u00bb text_line_height=\u201d1.9em\u201d text_orientation=\u201djustified\u201d]<\/p>\n<p>As <strong>professionals in the community of owners administration sector<\/strong> in the Region of Murcia, our team, with extensive experience in the sector, proposes <strong>carry out transparent management and constant communication<\/strong> with those interested.<\/p>\n<p>This is our way of understanding<strong> job well done.<\/strong> We want to be part of the day-to-day life of the communities, managing each matter with complete clarity and transparency. We are a young and dynamic team that seeks to renew the way of working in this sector.<\/p>\n<p>[\/et_pb_text][et_pb_image src=\u201dhttps:\/\/hidalopez.com\/wp-content\/uploads\/2020\/12\/CALIDAD-3-LOGOS.png\u201d align=\u201dcenter\u201d _builder_version=\u201d3.19.12\u2033 background_color=\u201d #750000\u2033][\/et_pb_image][\/et_pb_column][et_pb_column type=\u201d1_2\u2033 _builder_version=\u201d3.19.12\u2033 parallax=\u201doff\u201d parallax_method=\u201don\u201d][et_pb_image src=\u201dhttps:\/\/hidalopez.com\/wp -content\/uploads\/2020\/12\/top-view-of-co-workers-planning-strategy-scaled.jpg\u00bb _builder_version=\u00bb3.19.12\u2033 box_shadow_style=\u00bbpreset3\u2033][\/et_pb_image][\/et_pb_column][\/ et_pb_row][et_pb_row custom_padding=\u00bb47px|0px|26px|0px|false|false\u00bb _builder_version=\u00bb3.19.12\u2033][et_pb_column type=\u00bb4_4\u2033 _builder_version=\u00bb3.19.12\u2033 parallax=\u00bboff\u00bb parallax_method=\u00bbon \u00bb][et_pb_text _builder_version=\u00bb3.19.12\u2033 text_font=\u00bbArmata|700||on|||||\u00bb text_text_color=\u201d#750000\u2033 text_font_size=\u201d17px\u201d text_orientation=\u201dcenter\u201d]<\/p>\n<p>Among the most discussed issues in Community Management, we find:<\/p>\n<p>[\/et_pb_text][\/et_pb_column][\/et_pb_row][et_pb_row custom_padding=\u00bb27px|0px|18px|0px|false|false\u00bb _builder_version=\u00bb3.19.12&#8243;][et_pb_column type=\u00bb1_2&#8243; _builder_version=\u00bb3.19.12&#8243; parallax=\u00bboff\u00bb parallax_method=\u00bbon\u00bb][et_pb_blurb title=\u00bbGesti\u00f3n de Pagos y Cobros de recibos \u00bb use_icon=\u00bbon\u00bb font_icon=\u00bb%%155%%\u00bb icon_color=\u00bb#750000&#8243; icon_placement=\u00bbleft\u00bb _builder_version=\u00bb3.19.12&#8243; header_font=\u00bbArmata|700|||||||\u00bb header_text_color=\u00bb#750000&#8243; header_font_size=\u00bb15px\u00bb]<\/p>\n<p>(monthly receipts, extraordinary budgets\u2026). In the event of any incident, we deal with the person directly involved.<\/p>\n<p>[\/et_pb_blurb][\/et_pb_column][et_pb_column type=\u00bb1_2&#8243; _builder_version=\u00bb3.19.12&#8243; parallax=\u00bboff\u00bb parallax_method=\u00bbon\u00bb][et_pb_blurb title=\u00bbSupervisi\u00f3n de las Tareas de Mantenimiento Preventivo\u00bb use_icon=\u00bbon\u00bb font_icon=\u00bb%%81%%\u00bb icon_color=\u00bb#750000&#8243; icon_placement=\u00bbleft\u00bb _builder_version=\u00bb3.19.12&#8243; header_font=\u00bbArmata|700|||||||\u00bb header_text_color=\u00bb#750000&#8243; header_font_size=\u00bb15px\u00bb]<\/p>\n<p>In order to verify the correct resolution of any anomaly.<\/p>\n<p>[\/et_pb_blurb][\/et_pb_column][\/et_pb_row][et_pb_row _builder_version=\u00bb3.19.12&#8243;][et_pb_column type=\u00bb1_2&#8243; _builder_version=\u00bb3.19.12&#8243; parallax=\u00bboff\u00bb parallax_method=\u00bbon\u00bb][et_pb_blurb title=\u00bbGesti\u00f3n y Control de Siniestros\u00bb use_icon=\u00bbon\u00bb font_icon=\u00bb%%110%%\u00bb icon_color=\u00bb#750000&#8243; icon_placement=\u00bbleft\u00bb _builder_version=\u00bb3.19.12&#8243; header_font=\u00bbArmata|700|||||||\u00bb header_text_color=\u00bb#750000&#8243; header_font_size=\u00bb15px\u00bb]<\/p>\n<p>If this occurs, we mediate with the insurer until we obtain compensation or complete settlement of possible damages. <\/p>\n<p>[\/et_pb_blurb][\/et_pb_column][et_pb_column type=\u00bb1_2&#8243; _builder_version=\u00bb3.19.12&#8243; parallax=\u00bboff\u00bb parallax_method=\u00bbon\u00bb][et_pb_blurb title=\u00bbEstudio de Proveedores\u00bb use_icon=\u00bbon\u00bb font_icon=\u00bb%%69%%\u00bb icon_color=\u00bb#750000&#8243; icon_placement=\u00bbleft\u00bb _builder_version=\u00bb3.19.12&#8243; header_font=\u00bbArmata|700|||||||\u00bb header_text_color=\u00bb#750000&#8243; header_font_size=\u00bb15px\u00bb]<\/p>\n<p>We look for options until we find the most advantageous one (estimates for maintenance, concierge service...) Always being the owners who have the last word.<\/p>\n<p>[\/et_pb_blurb][\/et_pb_column][\/et_pb_row][et_pb_row custom_padding=\u00bb6px|0px|27px|0px|false|false\u00bb _builder_version=\u00bb3.19.12&#8243;][et_pb_column type=\u00bb1_2&#8243; _builder_version=\u00bb3.19.12&#8243; parallax=\u00bboff\u00bb parallax_method=\u00bbon\u00bb][et_pb_blurb title=\u00bbGesti\u00f3n y Control de Personal\u00bb use_icon=\u00bbon\u00bb font_icon=\u00bb%%10%%\u00bb icon_color=\u00bb#750000&#8243; icon_placement=\u00bbleft\u00bb _builder_version=\u00bb3.19.12&#8243; header_font=\u00bbArmata|700|||||||\u00bb header_text_color=\u00bb#750000&#8243; header_font_size=\u00bb15px\u00bb]<\/p>\n<p>We carry out the management and control of personnel involved in the community (management of casualties, contracts, payroll according to agreement...).<\/p>\n<p>[\/et_pb_blurb][\/et_pb_column][et_pb_column type=\u00bb1_2&#8243; _builder_version=\u00bb3.19.12&#8243; parallax=\u00bboff\u00bb parallax_method=\u00bbon\u00bb][et_pb_blurb title=\u00bbControl y Pago\u00bb use_icon=\u00bbon\u00bb font_icon=\u00bb%%155%%\u00bb icon_color=\u00bb#750000&#8243; icon_placement=\u00bbleft\u00bb _builder_version=\u00bb3.19.12&#8243; header_font=\u00bbArmata|700|||||||\u00bb header_text_color=\u00bb#750000&#8243; header_font_size=\u00bb15px\u00bb]<\/p>\n<p>We will carry out a control and execution of the payments of all the obligations that the Community presents.<\/p>\n<p>[\/et_pb_blurb][\/et_pb_column][\/et_pb_row][et_pb_row custom_padding=\u00bb6px|0px|27px|0px|false|false\u00bb _builder_version=\u00bb3.19.12&#8243;][et_pb_column type=\u00bb1_2&#8243; _builder_version=\u00bb3.19.12&#8243; parallax=\u00bboff\u00bb parallax_method=\u00bbon\u00bb][et_pb_blurb title=\u00bbCustodia del Libro de Actas as\u00ed como de los Estatutos\u00bb use_icon=\u00bbon\u00bb font_icon=\u00bb%%94%%\u00bb icon_color=\u00bb#750000&#8243; icon_placement=\u00bbleft\u00bb _builder_version=\u00bb3.19.12&#8243; header_font=\u00bbArmata|700|||||||\u00bb header_text_color=\u00bb#750000&#8243; header_font_size=\u00bb15px\u00bb][\/et_pb_blurb][\/et_pb_column][et_pb_column type=\u00bb1_2&#8243; _builder_version=\u00bb3.19.12&#8243; parallax=\u00bboff\u00bb parallax_method=\u00bbon\u00bb][et_pb_blurb title=\u00bbEjecuci\u00f3n y Supervisi\u00f3n\u00bb use_icon=\u00bbon\u00bb font_icon=\u00bb%%65%%\u00bb icon_color=\u00bb#750000&#8243; icon_placement=\u00bbleft\u00bb _builder_version=\u00bb3.19.12&#8243; header_font=\u00bbArmata|700|||||||\u00bb header_text_color=\u00bb#750000&#8243; header_font_size=\u00bb15px\u00bb]<\/p>\n<p>We will carry out and supervise the agreements reached in the meetings.<\/p>\n<p>[\/et_pb_blurb][\/et_pb_column][\/et_pb_row][et_pb_row custom_padding=\u00bb6px|0px|27px|0px|false|false\u00bb _builder_version=\u00bb3.19.12&#8243;][et_pb_column type=\u00bb1_2&#8243; _builder_version=\u00bb3.19.12&#8243; parallax=\u00bboff\u00bb parallax_method=\u00bbon\u00bb][et_pb_blurb title=\u00bbConvocatoria y Asistencia de Juntas\u00bb use_icon=\u00bbon\u00bb font_icon=\u00bb%%131%%\u00bb icon_color=\u00bb#750000&#8243; icon_placement=\u00bbleft\u00bb _builder_version=\u00bb3.19.12&#8243; header_font=\u00bbArmata|700|||||||\u00bb header_text_color=\u00bb#750000&#8243; header_font_size=\u00bb15px\u00bb]<\/p>\n<p>We take care of calling and attending the meetings held, both ordinary and extraordinary, which entails the drafting of the minutes with the agreements reached and the responsibility of each owner.<\/p>\n<p>[\/et_pb_blurb][\/et_pb_column][et_pb_column type=\u00bb1_2&#8243; _builder_version=\u00bb3.19.12&#8243; parallax=\u00bboff\u00bb parallax_method=\u00bbon\u00bb][et_pb_blurb title=\u00bbElaboraci\u00f3n de Presupuesto\u00bb use_icon=\u00bbon\u00bb font_icon=\u00bb%%72%%\u00bb icon_color=\u00bb#750000&#8243; icon_placement=\u00bbleft\u00bb _builder_version=\u00bb3.19.12&#8243; header_font=\u00bbArmata|700|||||||\u00bb header_text_color=\u00bb#750000&#8243; header_font_size=\u00bb15px\u00bb]<\/p>\n<p>Preparation of an annual budget, as well as the annual settlement of accounts.<\/p>\n<p>[\/et_pb_blurb][\/et_pb_column][\/et_pb_row][et_pb_row custom_padding=\u00bb6px|0px|27px|0px|false|false\u00bb _builder_version=\u00bb3.19.12&#8243;][et_pb_column type=\u00bb1_2&#8243; _builder_version=\u00bb3.19.12&#8243; parallax=\u00bboff\u00bb parallax_method=\u00bbon\u00bb][et_pb_blurb title=\u00bbInformes de Gastos e Ingresos\u00bb use_icon=\u00bbon\u00bb font_icon=\u00bb%%74%%\u00bb icon_color=\u00bb#750000&#8243; icon_placement=\u00bbleft\u00bb _builder_version=\u00bb3.19.12&#8243; header_font=\u00bbArmata|700|||||||\u00bb header_text_color=\u00bb#750000&#8243; header_font_size=\u00bb15px\u00bb]<\/p>\n<p>Preparation of reports with the expenses and income that have occurred in the community.<\/p>\n<p>[\/et_pb_blurb][\/et_pb_column][et_pb_column type=\u00bb1_2&#8243; _builder_version=\u00bb3.19.12&#8243; parallax=\u00bboff\u00bb parallax_method=\u00bbon\u00bb][et_pb_blurb title=\u00bbContacto directo con la Administraci\u00f3n P\u00fablica, b\u00fasqueda de subvenciones&#8230;\u00bb use_icon=\u00bbon\u00bb font_icon=\u00bb%%86%%\u00bb icon_color=\u00bb#750000&#8243; icon_placement=\u00bbleft\u00bb _builder_version=\u00bb3.19.12&#8243; header_font=\u00bbArmata|700|||||||\u00bb header_text_color=\u00bb#750000&#8243; header_font_size=\u00bb15px\u00bb][\/et_pb_blurb][\/et_pb_column][\/et_pb_row][et_pb_row custom_padding=\u00bb6px|0px|85px|0px|false|false\u00bb _builder_version=\u00bb3.19.12&#8243;][et_pb_column type=\u00bb1_2&#8243; _builder_version=\u00bb3.19.12&#8243; parallax=\u00bboff\u00bb parallax_method=\u00bbon\u00bb][\/et_pb_column][et_pb_column type=\u00bb1_2&#8243; _builder_version=\u00bb3.19.12&#8243; parallax=\u00bboff\u00bb parallax_method=\u00bbon\u00bb][et_pb_blurb title=\u00bbSeguimiento continuo y visitas a la Comunidad.\u00bb use_icon=\u00bbon\u00bb font_icon=\u00bb%%52%%\u00bb icon_color=\u00bb#750000&#8243; icon_placement=\u00bbleft\u00bb _builder_version=\u00bb3.19.12&#8243; header_font=\u00bbArmata|700|||||||\u00bb header_text_color=\u00bb#750000&#8243; header_font_size=\u00bb15px\u00bb][\/et_pb_blurb][\/et_pb_column][\/et_pb_row][\/et_pb_section][et_pb_section fb_built=\u00bb1&#8243; fullwidth=\u00bbon\u00bb _builder_version=\u00bb3.19.12&#8243;][et_pb_fullwidth_header title=\u00bbSabemos lo que su Comunidad necesita.\u00bb subhead=\u00bbD\u00e9jenos sus cuestiones a trav\u00e9s del formulario y le llamaremos.\u00bb text_orientation=\u00bbcenter\u00bb button_one_text=\u00bbSolicitud de Presupuesto\u00bb button_one_url=\u00bbhttps:\/\/hidalopez.com\/solicitud-de-presupuesto\/\u00bb button_two_text=\u00bbRellenar formulario para que me llamen\u00bb button_two_url=\u00bbhttps:\/\/hidalopez.com\/contacto\/\u00bb background_overlay_color=\u00bbrgba(117,0,0,0.83)\u00bb _builder_version=\u00bb3.19.12&#8243; title_font=\u00bbArmata|700|||||||\u00bb title_text_shadow_style=\u00bbpreset1&#8243; content_font=\u00bbArmata||||||||\u00bb content_font_size=\u00bb16px\u00bb subhead_font=\u00bbArmata||||||||\u00bb subhead_font_size=\u00bb16px\u00bb background_color=\u00bbrgba(117,0,0,0)\u00bb background_image=\u00bbhttps:\/\/hidalopez.com\/wp-content\/uploads\/2021\/03\/handshake-close-up-executives-BN-scaled.jpg\u00bb background_blend=\u00bbmultiply\u00bb]<\/p>\n<p>You can also request a Budget for your Community directly from our website.<\/p>\n<p>[\/et_pb_fullwidth_header][\/et_pb_section][et_pb_section fb_built=\u201d1\u2033 _builder_version=\u201d3.19.12\u2033 background_color=\u201drgba(147,147,147,0.09)\u201d custom_padding=\u201d52px|0px|2px|0px|false|false\u201d][et_pb _row custom_padding=\u201d47px|0px|26px|0px|false|false\u201d _builder_version=\u201d3.19.12\u2033][et_pb_column type=\u201d4_4\u2033 _builder_version=\u201d3.19.12\u2033 parallax=\u201doff\u201d parallax_method=\u201don\u201d][et_pb_text _builder_version=\u00bb3.19.12\u2033 text_font=\u00bbArmata|700||on|||||\u00bb text_text_color=\u201d#750000\u2033 text_font_size=\u201d17px\u201d text_orientation=\u201dcenter\u201d]<\/p>\n<p>Within our services we also include:<\/p>\n<p>[\/et_pb_text][\/et_pb_column][\/et_pb_row][\/et_pb_section][et_pb_section fb_built=\u00bb1\u2033 _builder_version=\u00bb3.19.12\u2033 background_color=\u00bbrgba(147,147,147,0.09)\u00bb custom_padding=\u00bb0|0px|54px|0px |false|false\u00bb][et_pb_row make_fullwidth=\u00bbon\u00bb _builder_version=\u00bb3.19.12\u2033][et_pb_column type=\u00bb1_2\u2033 _builder_version=\u00bb3.19.12\u2033 parallax=\u00bboff\u00bb parallax_method=\u00bbon\u00bb][et_pb_text _builder_version= \u00bb3.19.12\u2033 text_font=\u00bbArmata||||||||\u00bb text_orientation=\u201djustified\u201d]<\/p>\n<p><strong>TO)<\/strong> Ensure the good regime of the building, its facilities and services, attend to the adequate conservation of the common elements, arranging for ordinary repairs and, in terms of extraordinary ones, adopting urgent measures giving immediate notice to the owners.<\/p>\n<p><strong>B)<\/strong> Prepare well in advance to submit the execution of the previous year&#039;s budget for the Board&#039;s approval, contemplating the budgeted and actual expenditure and, where appropriate, the deviation, so that accounting becomes an effective instrument for the decision-making by the Community in the elaboration of the budget of predictable expenses, proposing the necessary means and the distribution among the owners in the manner provided in the Law and Statutes of the community.<br \/> The preparation and collection of monthly receipts for common expenses and, where appropriate, spills corresponding to each owner, communication to the owners of incidents that may arise with their domiciled receipts (errors, returns, etc.), and written requirement in delinquency assumptions; information to the president in such cases so that the measures that correspond in each case can be adopted for the effective collection of the same and the control of delinquency.<\/p>\n<p>[\/et_pb_text][\/et_pb_column][et_pb_column type=\u201d1_2\u2033 _builder_version=\u201d3.19.12\u2033 parallax=\u201doff\u201d parallax_method=\u201don\u201d][et_pb_text _builder_version=\u201d3.19.12\u2033 text_font=\u201dArmata|||| ||||\u00bb text_orientation=\u201djustified\u201d]<\/p>\n<p><strong>C)<\/strong>\u00a0Act as Secretary, guarding the documentation of the Community.\u00a0<\/p>\n<p>&nbsp;<\/p>\n<p><strong>D)<\/strong>\u00a0Summons and summons to co-owners to hold Meetings, drafting of the Meeting minutes documenting the agreements and distribution thereof among the co-owners.\u00a0<\/p>\n<p>&nbsp;<\/p>\n<p><strong>AND)<\/strong>\u00a0Free legal advice to the community. Said advice includes verbal consultations on issues related to the community, as well as information to the owners of new legislation that may affect the life of the community. Extrajudicial claim and, where appropriate, judicial, of community fees in case of delinquency.\u00a0<\/p>\n<p>[\/et_pb_text][\/et_pb_column][\/et_pb_row][et_pb_row _builder_version=\u201d3.19.12\u2033][et_pb_column type=\u201d1_2\u2033 _builder_version=\u201d3.19.12\u2033 parallax=\u201doff\u201d parallax_method=\u201don\u201d][et_pb_accordion open_toggle_ text_color =\u00bb#750000\u2033 _builder_version=\u00bb3.19.12\u2033 body_font=\u00bbArmata||||||||\u00bb toggle_font=\u00bbArmata|700|||||||\u00bb box_shadow_style=\u201dpreset3\u2033 box_shadow_horizontal=\u201d1px\u201d box_shadow_vertical=\u201d4px\u201d][et_pb_accordion_item title=\u201dSERIOUS\u201d open=\u201doff\u201d _builder_version=\u201d3.19.12\u2033 title_text_shadow_horizontal_length=\u201d0em\u201d title_text_shadow_vertica l_length=\u201d0em\u201d title_text_shadow_blur_strength=\u201d0em\u201d body_text_shadow_horizontal_length=\u201d0em\u201d body_text_shadow_vertical_length=\u201d0em\u201d body_text_shadow_blur_strength=\u201d0em\u201d]<\/p>\n<p>We comprehensively manage your Community, with the greatest efficiency and with the aim of managing and saving all your current expenses.<\/p>\n<p>[\/et_pb_accordion_item][et_pb_accordion_item title=\u201dRESPONSIBILITY\u201d open=\u201don\u201d _builder_version=\u201d3.19.12\u2033 title_text_shadow_horizontal_length=\u201d0em\u201d title_text_shadow_vertical_length=\u201d0em\u201d title_text_shadow_blur_strength=\u201d0em \u00bb body_text_shadow_horizontal_length=\u00bb0em\u00bb body_text_shadow_vertical_length=\u00bb0em\u00bb body_text_shadow_blur_strength= \u00bb0em\u00bb]<\/p>\n<p>We inform all owners of our services and comply with all our commitments under detailed contract.<\/p>\n<p>[\/et_pb_accordion_item][et_pb_accordion_item title=\u201dPROFESSIONALISM\u201d open=\u201doff\u201d _builder_version=\u201d3.19.12\u2033 title_text_shadow_horizontal_length=\u201d0em\u201d title_text_shadow_vertical_length=\u201d0em\u201d title_text_shadow_blur_strength=\u201d0em\u201d body_text_shadow_horizontal_length=\u201d0em\u201d body_text_shadow_vertical_length=\u201d0em\u201d body_text_shadow_blur_strength= \u00bb0em\u00bb]<\/p>\n<p><span style=\"font-weight: 400;\">Property Administrators Graduates in Law and Business Administration and Management. <\/span><\/p>\n<p>[\/Et_pb_accordion_item] [\/Et_pb_accordion] [\/Et_pb_column] [Et_pb_column Type = \u00bb1_2 \u2033 _builder_version =\u00bb 3.19.12 \u2033 Parrallax = \u00bboff\u00bb parrallax_method = \u00bbon\u00bb] [et_pb_text _builder_version = \u00bb3.19 \u2033 Text_font = \u00bbarmata ||||||||\u00bb text_line_height=\u00bb2em\u00bb header_font=\u00bbArmata||||||||\u00bb header_text_color=\u00bb#750000\u2033 header_4_font=\u00bbArmata|700|||||||\u00bb header_4_text_color=\u201d#0c71c3\u2033]<\/p>\n<h4><span style=\"color: #750000;\">Note that:<\/span><\/h4>\n<p>With our company, you will not need to resort to other professionals to carry out various procedures, such as subsidies and\/or aid, various administrative procedures, etc., which sometimes happens. Neither will you find yourself uninformed regarding all those accounting concepts presented, which you would like to be clear and detailed (referring to invoices, commissioned budgets and entrusted procedures), all of this so susceptible to controversy among the owners. We publish all kinds of documentation to guarantee transparency.<\/p>\n<p>[\/et_pb_text][\/et_pb_column][\/et_pb_row][\/et_pb_section]<\/p>","protected":false},"excerpt":{"rendered":"<p>As professionals in the sector of the administration of communities of owners in the Region of Murcia, our team, with extensive experience in the sector, intends to carry out a transparent management and in constant communication with the interested parties. This is our way of understanding a job well done. We want to be part of the day to day [\u2026]<\/p>","protected":false},"author":1,"featured_media":0,"parent":0,"menu_order":0,"comment_status":"closed","ping_status":"closed","template":"","meta":{"_et_pb_use_builder":"on","_et_pb_old_content":"<!-- wp:divi\/placeholder \/-->","_et_gb_content_width":"","footnotes":""},"class_list":["post-9","page","type-page","status-publish","hentry"],"_links":{"self":[{"href":"https:\/\/hidalopez.com\/en\/wp-json\/wp\/v2\/pages\/9"}],"collection":[{"href":"https:\/\/hidalopez.com\/en\/wp-json\/wp\/v2\/pages"}],"about":[{"href":"https:\/\/hidalopez.com\/en\/wp-json\/wp\/v2\/types\/page"}],"author":[{"embeddable":true,"href":"https:\/\/hidalopez.com\/en\/wp-json\/wp\/v2\/users\/1"}],"replies":[{"embeddable":true,"href":"https:\/\/hidalopez.com\/en\/wp-json\/wp\/v2\/comments?post=9"}],"version-history":[{"count":45,"href":"https:\/\/hidalopez.com\/en\/wp-json\/wp\/v2\/pages\/9\/revisions"}],"predecessor-version":[{"id":503,"href":"https:\/\/hidalopez.com\/en\/wp-json\/wp\/v2\/pages\/9\/revisions\/503"}],"wp:attachment":[{"href":"https:\/\/hidalopez.com\/en\/wp-json\/wp\/v2\/media?parent=9"}],"curies":[{"name":"wp","href":"https:\/\/api.w.org\/{rel}","templated":true}]}}